{"id":216,"date":"2007-08-30T21:58:13","date_gmt":"2007-08-30T21:58:13","guid":{"rendered":"https:\/\/www.selamli.com\/site\/?page_id=216"},"modified":"2020-08-30T22:40:12","modified_gmt":"2020-08-30T22:40:12","slug":"isletmeler","status":"publish","type":"page","link":"https:\/\/www.selamli.com\/site\/isletmeler\/","title":{"rendered":"\u0130\u015fletmeler"},"content":{"rendered":"\n<p>K\u00f6y\u00fcm\u00fczden esnaflar\u0131m\u0131z\u0131n \u00e7al\u0131\u015ft\u0131rm\u0131\u015f olduklar\u0131 i\u015fletmelerinin tan\u0131t\u0131mlar\u0131 sitemizin bu b\u00f6l\u00fcm\u00fcnde yap\u0131lmaktad\u0131r. K\u00f6y\u00fcm\u00fczden insanlar\u0131m\u0131z farkl\u0131 farkl\u0131 \u015fehirlere da\u011f\u0131lm\u0131\u015f oldu\u011fu i\u00e7in&nbsp;<span style=\"color:#ff0000\" class=\"has-inline-color\">hepsine bizim ula\u015fmam\u0131z m\u00fcmk\u00fcn de\u011fildir.<\/span>&nbsp;Bu nedenle i\u015f yeri sahipleri k\u00f6yl\u00fclerimiz isterlerse i\u015f yerleri hakk\u0131nda bilgi, foto\u011fraf g\u00f6nderebilecekleri gibi kendileri de (sitemize \u00fcye iseler)&nbsp;bu b\u00f6l\u00fcme ekleyebilirler.<\/p>\n\n\n<ul class=\"display-posts-listing\"><li class=\"listing-item\"><a class=\"title\" href=\"https:\/\/www.selamli.com\/site\/2008\/02\/09\/zafer-alci-dekorasyon\/\">Zafer Al\u00e7\u0131 Dekorasyon<\/a> <span class=\"date\">9.2.2008<\/span><\/li><li class=\"listing-item\"><a class=\"title\" href=\"https:\/\/www.selamli.com\/site\/2008\/02\/09\/bizim-mekan-kiraathanesi\/\">Bizim Mekan K\u0131raathanesi<\/a> <span class=\"date\">9.2.2008<\/span><\/li><li class=\"listing-item\"><a class=\"title\" href=\"https:\/\/www.selamli.com\/site\/2008\/02\/09\/pinar-cay-ocagi\/\">P\u0131nar \u00c7ay Oca\u011f\u0131<\/a> <span class=\"date\">9.2.2008<\/span><\/li><li class=\"listing-item\"><a class=\"title\" href=\"https:\/\/www.selamli.com\/site\/2008\/02\/09\/doganlar-sigorta\/\">Do\u011fanlar Sigorta<\/a> <span class=\"date\">9.2.2008<\/span><\/li><li class=\"listing-item\"><a class=\"title\" href=\"https:\/\/www.selamli.com\/site\/2008\/02\/09\/yilmaz-market\/\">Y\u0131lmaz Market<\/a> <span class=\"date\">9.2.2008<\/span><\/li><li class=\"listing-item\"><a class=\"title\" href=\"https:\/\/www.selamli.com\/site\/2008\/02\/06\/selamli-ticaret\/\">Selaml\u0131 Ticaret<\/a> <span class=\"date\">6.2.2008<\/span><\/li><li class=\"listing-item\"><a class=\"title\" href=\"https:\/\/www.selamli.com\/site\/2008\/02\/06\/selamli-eroglu-gida-market\/\">Ero\u011flu G\u0131da Market<\/a> <span class=\"date\">6.2.2008<\/span><\/li><li class=\"listing-item\"><a class=\"title\" href=\"https:\/\/www.selamli.com\/site\/2008\/02\/05\/selamli-eroglu-tic-ltd-sti\/\">Ero\u011flu Tic. Ltd. \u015eti.<\/a> <span class=\"date\">5.2.2008<\/span><\/li><\/ul>\n\n\n\n<p><\/p>\n","protected":false},"excerpt":{"rendered":"<p>K\u00f6y\u00fcm\u00fczden esnaflar\u0131m\u0131z\u0131n \u00e7al\u0131\u015ft\u0131rm\u0131\u015f olduklar\u0131 i\u015fletmelerinin tan\u0131t\u0131mlar\u0131 sitemizin bu b\u00f6l\u00fcm\u00fcnde yap\u0131lmaktad\u0131r. K\u00f6y\u00fcm\u00fczden insanlar\u0131m\u0131z farkl\u0131 farkl\u0131 \u015fehirlere da\u011f\u0131lm\u0131\u015f [&hellip;]<\/p>\n","protected":false},"author":1,"featured_media":0,"parent":0,"menu_order":0,"comment_status":"closed","ping_status":"closed","template":"","meta":{"footnotes":""},"class_list":["post-216","page","type-page","status-publish","hentry"],"_links":{"self":[{"href":"https:\/\/www.selamli.com\/site\/wp-json\/wp\/v2\/pages\/216","targetHints":{"allow":["GET"]}}],"collection":[{"href":"https:\/\/www.selamli.com\/site\/wp-json\/wp\/v2\/pages"}],"about":[{"href":"https:\/\/www.selamli.com\/site\/wp-json\/wp\/v2\/types\/page"}],"author":[{"embeddable":true,"href":"https:\/\/www.selamli.com\/site\/wp-json\/wp\/v2\/users\/1"}],"replies":[{"embeddable":true,"href":"https:\/\/www.selamli.com\/site\/wp-json\/wp\/v2\/comments?post=216"}],"version-history":[{"count":6,"href":"https:\/\/www.selamli.com\/site\/wp-json\/wp\/v2\/pages\/216\/revisions"}],"predecessor-version":[{"id":224,"href":"https:\/\/www.selamli.com\/site\/wp-json\/wp\/v2\/pages\/216\/revisions\/224"}],"wp:attachment":[{"href":"https:\/\/www.selamli.com\/site\/wp-json\/wp\/v2\/media?parent=216"}],"curies":[{"name":"wp","href":"https:\/\/api.w.org\/{rel}","templated":true}]}}